{"id":119,"date":"2020-09-08T01:57:55","date_gmt":"2020-09-07T17:57:55","guid":{"rendered":"https:\/\/ai-ways.bem-dev.be\/?page_id=119"},"modified":"2025-06-23T15:15:47","modified_gmt":"2025-06-23T13:15:47","slug":"imprint","status":"publish","type":"page","link":"https:\/\/ai-ways.eu\/de\/imprint\/","title":{"rendered":"Aiways Imprint"},"content":{"rendered":"\t\t<div data-elementor-type=\"wp-page\" data-elementor-id=\"119\" class=\"elementor elementor-119\" data-elementor-post-type=\"page\">\n\t\t\t\t\t\t<section data-particle_enable=\"false\" data-particle-mobile-disabled=\"false\" class=\"elementor-section elementor-top-section elementor-element elementor-element-bcb7bec elementor-section-boxed elementor-section-height-default elementor-section-height-default\" data-id=\"bcb7bec\" data-element_type=\"section\" data-e-type=\"section\" data-settings=\"{&quot;jet_parallax_layout_list&quot;:[{&quot;jet_parallax_layout_image&quot;:{&quot;url&quot;:&quot;&quot;,&quot;id&quot;:&quot;&quot;,&quot;size&quot;:&quot;&quot;},&quot;_id&quot;:&quot;044cdb2&quot;,&quot;jet_parallax_layout_image_tablet&quot;:{&quot;url&quot;:&quot;&quot;,&quot;id&quot;:&quot;&quot;,&quot;size&quot;:&quot;&quot;},&quot;jet_parallax_layout_image_mobile&quot;:{&quot;url&quot;:&quot;&quot;,&quot;id&quot;:&quot;&quot;,&quot;size&quot;:&quot;&quot;},&quot;jet_parallax_layout_speed&quot;:{&quot;unit&quot;:&quot;%&quot;,&quot;size&quot;:50,&quot;sizes&quot;:[]},&quot;jet_parallax_layout_type&quot;:&quot;scroll&quot;,&quot;jet_parallax_layout_direction&quot;:null,&quot;jet_parallax_layout_fx_direction&quot;:null,&quot;jet_parallax_layout_z_index&quot;:&quot;&quot;,&quot;jet_parallax_layout_bg_x&quot;:50,&quot;jet_parallax_layout_bg_x_tablet&quot;:&quot;&quot;,&quot;jet_parallax_layout_bg_x_mobile&quot;:&quot;&quot;,&quot;jet_parallax_layout_bg_y&quot;:50,&quot;jet_parallax_layout_bg_y_tablet&quot;:&quot;&quot;,&quot;jet_parallax_layout_bg_y_mobile&quot;:&quot;&quot;,&quot;jet_parallax_layout_bg_size&quot;:&quot;auto&quot;,&quot;jet_parallax_layout_bg_size_tablet&quot;:&quot;&quot;,&quot;jet_parallax_layout_bg_size_mobile&quot;:&quot;&quot;,&quot;jet_parallax_layout_animation_prop&quot;:&quot;transform&quot;,&quot;jet_parallax_layout_on&quot;:[&quot;desktop&quot;,&quot;tablet&quot;]}]}\">\n\t\t\t\t\t\t<div class=\"elementor-container elementor-column-gap-wide\">\n\t\t\t\t\t<div class=\"elementor-column elementor-col-100 elementor-top-column elementor-element elementor-element-02c7bd7\" data-id=\"02c7bd7\" data-element_type=\"column\" data-e-type=\"column\">\n\t\t\t<div class=\"elementor-widget-wrap elementor-element-populated\">\n\t\t\t\t\t\t<div class=\"elementor-element elementor-element-f98f7df elementor-widget elementor-widget-heading\" data-id=\"f98f7df\" data-element_type=\"widget\" data-e-type=\"widget\" data-widget_type=\"heading.default\">\n\t\t\t\t<div class=\"elementor-widget-container\">\n\t\t\t\t\t<h4 class=\"elementor-heading-title elementor-size-default\">Imprint<\/h4>\t\t\t\t<\/div>\n\t\t\t\t<\/div>\n\t\t\t\t<div class=\"elementor-element elementor-element-75eecb2 elementor-widget elementor-widget-spacer\" data-id=\"75eecb2\" data-element_type=\"widget\" data-e-type=\"widget\" data-widget_type=\"spacer.default\">\n\t\t\t\t<div class=\"elementor-widget-container\">\n\t\t\t\t\t\t\t<div class=\"elementor-spacer\">\n\t\t\t<div class=\"elementor-spacer-inner\"><\/div>\n\t\t<\/div>\n\t\t\t\t\t\t<\/div>\n\t\t\t\t<\/div>\n\t\t\t\t<div class=\"elementor-element elementor-element-ba960d3 elementor-widget elementor-widget-heading\" data-id=\"ba960d3\" data-element_type=\"widget\" data-e-type=\"widget\" data-widget_type=\"heading.default\">\n\t\t\t\t<div class=\"elementor-widget-container\">\n\t\t\t\t\t<h4 class=\"elementor-heading-title elementor-size-default\">Contact<\/h4>\t\t\t\t<\/div>\n\t\t\t\t<\/div>\n\t\t\t\t<div class=\"elementor-element elementor-element-ab0111d elementor-widget elementor-widget-text-editor\" data-id=\"ab0111d\" data-element_type=\"widget\" data-e-type=\"widget\" data-widget_type=\"text-editor.default\">\n\t\t\t\t<div class=\"elementor-widget-container\">\n\t\t\t\t\t\t\t\t\t<p><strong>Aiways Automobile Europe GmbH<\/strong><\/p><p>T\u00f6lzer Stra\u00dfe 30, Geb\u00e4ude 6419, <br \/>81379 M\u00fcnchen, Deutschland<\/p><p><a href=\"mailto:contact@ai-ways.eu\">contact@ai-ways.eu<\/a><\/p>\t\t\t\t\t\t\t\t<\/div>\n\t\t\t\t<\/div>\n\t\t\t\t<div class=\"elementor-element elementor-element-78a38a8 elementor-widget elementor-widget-text-editor\" data-id=\"78a38a8\" data-element_type=\"widget\" data-e-type=\"widget\" data-widget_type=\"text-editor.default\">\n\t\t\t\t<div class=\"elementor-widget-container\">\n\t\t\t\t\t\t\t\t\t<h4>Legal informations<\/h4><p><strong>Managing Director:<\/strong> Mr. David Zhao<br \/>Company\u2019s registered office: Munich<br \/>Commercial Register at the Amtsgericht Munich:\u00a0HRB\u00a0254481<\/p>\t\t\t\t\t\t\t\t<\/div>\n\t\t\t\t<\/div>\n\t\t\t\t\t<\/div>\n\t\t<\/div>\n\t\t\t\t\t<\/div>\n\t\t<\/section>\n\t\t\t\t<\/div>\n\t\t","protected":false},"excerpt":{"rendered":"<p>Imprint Contact Aiways Automobile Europe GmbH T\u00f6lzer Stra\u00dfe 30, Geb\u00e4ude 6419, 81379 M\u00fcnchen, Deutschland contact@ai-ways.eu Legal informations Managing Director: Mr. David ZhaoCompany\u2019s registered office: MunichCommercial Register at the Amtsgericht Munich:\u00a0HRB\u00a0254481<\/p>","protected":false},"author":1,"featured_media":0,"parent":0,"menu_order":0,"comment_status":"closed","ping_status":"closed","template":"","meta":{"footnotes":""},"class_list":["post-119","page","type-page","status-publish","hentry"],"yoast_head":"<!-- This site is optimized with the Yoast SEO plugin v27.4 - https:\/\/yoast.com\/product\/yoast-seo-wordpress\/ -->\n<title>Aiways Imprint<\/title>\n<meta name=\"robots\" content=\"index, follow, max-snippet:-1, max-image-preview:large, max-video-preview:-1\" \/>\n<link rel=\"canonical\" href=\"https:\/\/ai-ways.eu\/de\/wp-json\/wp\/v2\/pages\/119\" \/>\n<meta property=\"og:locale\" content=\"de_DE\" \/>\n<meta property=\"og:type\" content=\"article\" \/>\n<meta property=\"og:title\" content=\"Aiways Imprint\" \/>\n<meta property=\"og:description\" content=\"Imprint Contact Aiways Automobile Europe GmbH T\u00f6lzer Stra\u00dfe 30, Geb\u00e4ude 6419, 81379 M\u00fcnchen, Deutschland contact@ai-ways.eu Legal informations Managing Director: Mr. David ZhaoCompany\u2019s registered office: MunichCommercial Register at the Amtsgericht Munich:\u00a0HRB\u00a0254481\" \/>\n<meta property=\"og:url\" content=\"https:\/\/ai-ways.eu\/de\/imprint\/\" \/>\n<meta property=\"og:site_name\" content=\"Aiways\" \/>\n<meta property=\"article:modified_time\" content=\"2025-06-23T13:15:47+00:00\" \/>\n<meta name=\"twitter:card\" content=\"summary_large_image\" \/>\n<meta name=\"twitter:label1\" content=\"Gesch\u00e4tzte Lesezeit\" \/>\n\t<meta name=\"twitter:data1\" content=\"1\u00a0Minute\" \/>\n<script type=\"application\/ld+json\" class=\"yoast-schema-graph\">{\"@context\":\"https:\\\/\\\/schema.org\",\"@graph\":[{\"@type\":\"WebPage\",\"@id\":\"https:\\\/\\\/ai-ways.eu\\\/de\\\/imprint\\\/\",\"url\":\"https:\\\/\\\/ai-ways.eu\\\/de\\\/imprint\\\/\",\"name\":\"Aiways Imprint\",\"isPartOf\":{\"@id\":\"https:\\\/\\\/ai-ways.eu\\\/#website\"},\"datePublished\":\"2020-09-07T17:57:55+00:00\",\"dateModified\":\"2025-06-23T13:15:47+00:00\",\"breadcrumb\":{\"@id\":\"https:\\\/\\\/ai-ways.eu\\\/de\\\/imprint\\\/#breadcrumb\"},\"inLanguage\":\"de\",\"potentialAction\":[{\"@type\":\"ReadAction\",\"target\":[\"https:\\\/\\\/ai-ways.eu\\\/de\\\/imprint\\\/\"]}]},{\"@type\":\"BreadcrumbList\",\"@id\":\"https:\\\/\\\/ai-ways.eu\\\/de\\\/imprint\\\/#breadcrumb\",\"itemListElement\":[{\"@type\":\"ListItem\",\"position\":1,\"name\":\"Home\",\"item\":\"https:\\\/\\\/ai-ways.eu\\\/\"},{\"@type\":\"ListItem\",\"position\":2,\"name\":\"Aiways Imprint\"}]},{\"@type\":\"WebSite\",\"@id\":\"https:\\\/\\\/ai-ways.eu\\\/#website\",\"url\":\"https:\\\/\\\/ai-ways.eu\\\/\",\"name\":\"Aiways\",\"description\":\"\",\"publisher\":{\"@id\":\"https:\\\/\\\/ai-ways.eu\\\/#organization\"},\"potentialAction\":[{\"@type\":\"SearchAction\",\"target\":{\"@type\":\"EntryPoint\",\"urlTemplate\":\"https:\\\/\\\/ai-ways.eu\\\/?s={search_term_string}\"},\"query-input\":{\"@type\":\"PropertyValueSpecification\",\"valueRequired\":true,\"valueName\":\"search_term_string\"}}],\"inLanguage\":\"de\"},{\"@type\":\"Organization\",\"@id\":\"https:\\\/\\\/ai-ways.eu\\\/#organization\",\"name\":\"Aiways\",\"url\":\"https:\\\/\\\/ai-ways.eu\\\/\",\"logo\":{\"@type\":\"ImageObject\",\"inLanguage\":\"de\",\"@id\":\"https:\\\/\\\/ai-ways.eu\\\/#\\\/schema\\\/logo\\\/image\\\/\",\"url\":\"https:\\\/\\\/ai-ways.eu\\\/wp-content\\\/uploads\\\/2020\\\/09\\\/aiways-logo.svg\",\"contentUrl\":\"https:\\\/\\\/ai-ways.eu\\\/wp-content\\\/uploads\\\/2020\\\/09\\\/aiways-logo.svg\",\"width\":83,\"height\":50,\"caption\":\"Aiways\"},\"image\":{\"@id\":\"https:\\\/\\\/ai-ways.eu\\\/#\\\/schema\\\/logo\\\/image\\\/\"}}]}<\/script>\n<!-- \/ Yoast SEO plugin. -->","yoast_head_json":{"title":"Aiways Imprint","robots":{"index":"index","follow":"follow","max-snippet":"max-snippet:-1","max-image-preview":"max-image-preview:large","max-video-preview":"max-video-preview:-1"},"canonical":"https:\/\/ai-ways.eu\/de\/wp-json\/wp\/v2\/pages\/119","og_locale":"de_DE","og_type":"article","og_title":"Aiways Imprint","og_description":"Imprint Contact Aiways Automobile Europe GmbH T\u00f6lzer Stra\u00dfe 30, Geb\u00e4ude 6419, 81379 M\u00fcnchen, Deutschland contact@ai-ways.eu Legal informations Managing Director: Mr. David ZhaoCompany\u2019s registered office: MunichCommercial Register at the Amtsgericht Munich:\u00a0HRB\u00a0254481","og_url":"https:\/\/ai-ways.eu\/de\/imprint\/","og_site_name":"Aiways","article_modified_time":"2025-06-23T13:15:47+00:00","twitter_card":"summary_large_image","twitter_misc":{"Gesch\u00e4tzte Lesezeit":"1\u00a0Minute"},"schema":{"@context":"https:\/\/schema.org","@graph":[{"@type":"WebPage","@id":"https:\/\/ai-ways.eu\/de\/imprint\/","url":"https:\/\/ai-ways.eu\/de\/imprint\/","name":"Aiways Imprint","isPartOf":{"@id":"https:\/\/ai-ways.eu\/#website"},"datePublished":"2020-09-07T17:57:55+00:00","dateModified":"2025-06-23T13:15:47+00:00","breadcrumb":{"@id":"https:\/\/ai-ways.eu\/de\/imprint\/#breadcrumb"},"inLanguage":"de","potentialAction":[{"@type":"ReadAction","target":["https:\/\/ai-ways.eu\/de\/imprint\/"]}]},{"@type":"BreadcrumbList","@id":"https:\/\/ai-ways.eu\/de\/imprint\/#breadcrumb","itemListElement":[{"@type":"ListItem","position":1,"name":"Home","item":"https:\/\/ai-ways.eu\/"},{"@type":"ListItem","position":2,"name":"Aiways Imprint"}]},{"@type":"WebSite","@id":"https:\/\/ai-ways.eu\/#website","url":"https:\/\/ai-ways.eu\/","name":"Aiways","description":"","publisher":{"@id":"https:\/\/ai-ways.eu\/#organization"},"potentialAction":[{"@type":"SearchAction","target":{"@type":"EntryPoint","urlTemplate":"https:\/\/ai-ways.eu\/?s={search_term_string}"},"query-input":{"@type":"PropertyValueSpecification","valueRequired":true,"valueName":"search_term_string"}}],"inLanguage":"de"},{"@type":"Organization","@id":"https:\/\/ai-ways.eu\/#organization","name":"Aiways","url":"https:\/\/ai-ways.eu\/","logo":{"@type":"ImageObject","inLanguage":"de","@id":"https:\/\/ai-ways.eu\/#\/schema\/logo\/image\/","url":"https:\/\/ai-ways.eu\/wp-content\/uploads\/2020\/09\/aiways-logo.svg","contentUrl":"https:\/\/ai-ways.eu\/wp-content\/uploads\/2020\/09\/aiways-logo.svg","width":83,"height":50,"caption":"Aiways"},"image":{"@id":"https:\/\/ai-ways.eu\/#\/schema\/logo\/image\/"}}]}},"_links":{"self":[{"href":"https:\/\/ai-ways.eu\/de\/wp-json\/wp\/v2\/pages\/119","targetHints":{"allow":["GET"]}}],"collection":[{"href":"https:\/\/ai-ways.eu\/de\/wp-json\/wp\/v2\/pages"}],"about":[{"href":"https:\/\/ai-ways.eu\/de\/wp-json\/wp\/v2\/types\/page"}],"author":[{"embeddable":true,"href":"https:\/\/ai-ways.eu\/de\/wp-json\/wp\/v2\/users\/1"}],"replies":[{"embeddable":true,"href":"https:\/\/ai-ways.eu\/de\/wp-json\/wp\/v2\/comments?post=119"}],"version-history":[{"count":20,"href":"https:\/\/ai-ways.eu\/de\/wp-json\/wp\/v2\/pages\/119\/revisions"}],"predecessor-version":[{"id":18573,"href":"https:\/\/ai-ways.eu\/de\/wp-json\/wp\/v2\/pages\/119\/revisions\/18573"}],"wp:attachment":[{"href":"https:\/\/ai-ways.eu\/de\/wp-json\/wp\/v2\/media?parent=119"}],"curies":[{"name":"wp","href":"https:\/\/api.w.org\/{rel}","templated":true}]}}